{"id":5414,"date":"2023-11-13T04:34:12","date_gmt":"2023-11-13T04:34:12","guid":{"rendered":"https:\/\/www.nine44.at\/pie-de-imprenta\/"},"modified":"2024-02-12T20:41:14","modified_gmt":"2024-02-12T20:41:14","slug":"pie-de-imprenta","status":"publish","type":"page","link":"https:\/\/www.nine44.at\/es\/pie-de-imprenta\/","title":{"rendered":"Pie de imprenta"},"content":{"rendered":"\t\t<div data-elementor-type=\"wp-page\" data-elementor-id=\"5414\" class=\"elementor elementor-5414 elementor-14\">\n\t\t\t\t<div class=\"elementor-element elementor-element-6a847d8 e-flex e-con-boxed wpr-particle-no wpr-jarallax-no wpr-parallax-no wpr-sticky-section-no wpr-equal-height-no syd-sticky-section-no e-con e-parent\" data-id=\"6a847d8\" data-element_type=\"container\" data-e-type=\"container\">\n\t\t\t\t\t<div class=\"e-con-inner\">\n\t\t\t\t<div class=\"elementor-element elementor-element-970c6c8 syd-sticky-section-no elementor-widget elementor-widget-heading\" data-id=\"970c6c8\" data-element_type=\"widget\" data-e-type=\"widget\" data-widget_type=\"heading.default\">\n\t\t\t\t<div class=\"elementor-widget-container\">\n\t\t\t\t\t<h1 class=\"elementor-heading-title elementor-size-default\">Aviso Legal<\/h1>\t\t\t\t<\/div>\n\t\t\t\t<\/div>\n\t\t<div class=\"elementor-element elementor-element-c14fb1d e-flex e-con-boxed wpr-particle-no wpr-jarallax-no wpr-parallax-no wpr-sticky-section-no wpr-equal-height-no syd-sticky-section-no e-con e-child\" data-id=\"c14fb1d\" data-element_type=\"container\" data-e-type=\"container\">\n\t\t\t\t\t<div class=\"e-con-inner\">\n\t\t<div class=\"elementor-element elementor-element-f32792c e-con-full e-flex wpr-particle-no wpr-jarallax-no wpr-parallax-no wpr-sticky-section-no wpr-equal-height-no syd-sticky-section-no e-con e-child\" data-id=\"f32792c\" data-element_type=\"container\" data-e-type=\"container\">\n\t\t\t\t<div class=\"elementor-element elementor-element-5b802f3 syd-sticky-section-no elementor-widget elementor-widget-text-editor\" data-id=\"5b802f3\" data-element_type=\"widget\" data-e-type=\"widget\" data-widget_type=\"text-editor.default\">\n\t\t\t\t<div class=\"elementor-widget-container\">\n\t\t\t\t\t\t\t\t\t<h2>NINE44 OG<\/h2>\n<p>Sede de la empresa: Passinigasse 44<br \/>1100 Viena<\/p>\n<p>Tel\u00e9fono: <a href=\"tel:+4369917127956\">+43 699 171 27 956<\/a><\/p>\n<p>Correo electr\u00f3nico: <a href=\"mailto:hola@nine44.at\">hola@nine44.at<\/a><\/p>\n<p>Web: <a title=\"www.nine44.at\" href=\"https:\/\/www.nine44.at\/es\/\"  target='_blank' rel='noopener noreferrer' rel=\"noopener\">www.nine44.at<\/a><\/p>\n\t\t\t\t\t\t\t\t<\/div>\n\t\t\t\t<\/div>\n\t\t\t\t<\/div>\n\t\t<div class=\"elementor-element elementor-element-3d4474f e-con-full e-flex wpr-particle-no wpr-jarallax-no wpr-parallax-no wpr-sticky-section-no wpr-equal-height-no syd-sticky-section-no e-con e-child\" data-id=\"3d4474f\" data-element_type=\"container\" data-e-type=\"container\">\n\t\t\t\t<div class=\"elementor-element elementor-element-3df0b0e syd-sticky-section-no elementor-widget elementor-widget-image\" data-id=\"3df0b0e\" data-element_type=\"widget\" data-e-type=\"widget\" data-widget_type=\"image.default\">\n\t\t\t\t<div class=\"elementor-widget-container\">\n\t\t\t\t\t\t\t\t\t\t\t\t\t\t\t<img fetchpriority=\"high\" decoding=\"async\" width=\"500\" height=\"219\" src=\"https:\/\/www.nine44.at\/wp-content\/uploads\/2023\/11\/NINE44-HEX-20252D.png\" class=\"attachment-medium_large size-medium_large wp-image-5034\" alt=\"nine44\" srcset=\"https:\/\/www.nine44.at\/wp-content\/uploads\/2023\/11\/NINE44-HEX-20252D.png 500w, https:\/\/www.nine44.at\/wp-content\/uploads\/2023\/11\/NINE44-HEX-20252D-230x101.png 230w, https:\/\/www.nine44.at\/wp-content\/uploads\/2023\/11\/NINE44-HEX-20252D-350x153.png 350w, https:\/\/www.nine44.at\/wp-content\/uploads\/2023\/11\/NINE44-HEX-20252D-480x210.png 480w, https:\/\/www.nine44.at\/wp-content\/uploads\/2023\/11\/NINE44-HEX-20252D-300x131.png 300w\" sizes=\"(max-width: 500px) 100vw, 500px\" \/>\t\t\t\t\t\t\t\t\t\t\t\t\t\t\t<\/div>\n\t\t\t\t<\/div>\n\t\t\t\t<\/div>\n\t\t\t\t\t<\/div>\n\t\t\t\t<\/div>\n\t\t\t\t<div class=\"elementor-element elementor-element-810057a syd-sticky-section-no elementor-widget elementor-widget-text-editor\" data-id=\"810057a\" data-element_type=\"widget\" data-e-type=\"widget\" data-widget_type=\"text-editor.default\">\n\t\t\t\t<div class=\"elementor-widget-container\">\n\t\t\t\t\t\t\t\t\t<p><strong>Forma jur\u00eddica:<\/strong> Sociedad colectiva<br \/><strong>Nombre de la empresa:<\/strong> Interior Design<br \/><strong>Objeto de la empresa:<\/strong> La actividad principal de NINE44 OG es el dise\u00f1o de interiores, que tambi\u00e9n puede extenderse a espacios exteriores de propiedad privada, y la consultor\u00eda relacionada. Esto incluye la transferencia de conocimientos y experiencia en este \u00e1mbito.<br \/><strong>Socios autorizados para representar a la empresa:<\/strong> Nuria Nine Alvarez, Alexander Nine<br \/><strong>C\u00f3digo de Identificaci\u00f3n Fiscal (CIF): ATU78919949<br \/>N\u00famero de registro mercantil:<\/strong> FN 553059 <br \/><strong>Tribunal del Registro Mercantil: <\/strong>Tribunal Mercantil de Viena<br \/><strong>Afiliaci\u00f3n a la C\u00e1mara:<\/strong> C\u00e1mara de Comercio de Viena | Proveedores de Servicios Personales, Secci\u00f3n de Viena<br \/><strong>Autoridad supervisora:<\/strong> Oficina Municipal del Distrito de Viena 10<\/p>\t\t\t\t\t\t\t\t<\/div>\n\t\t\t\t<\/div>\n\t\t\t\t<div class=\"elementor-element elementor-element-a30a517 syd-sticky-section-no elementor-widget elementor-widget-image\" data-id=\"a30a517\" data-element_type=\"widget\" data-e-type=\"widget\" data-widget_type=\"image.default\">\n\t\t\t\t<div class=\"elementor-widget-container\">\n\t\t\t\t\t\t\t\t\t\t\t\t\t\t\t\t<a href=\"https:\/\/firmen.wko.at\/nine44-og-interior-design\/wien\/?firmaid=165989a2-31b0-4ca0-9956-8150a088b1fe\"  target='_blank' rel='noopener noreferrer' >\n\t\t\t\t\t\t\t<img decoding=\"async\" width=\"169\" height=\"23\" src=\"https:\/\/www.nine44.at\/wp-content\/uploads\/2023\/11\/ecg.gif\" class=\"attachment-medium size-medium wp-image-5036\" alt=\"ecg\" \/>\t\t\t\t\t\t\t\t<\/a>\n\t\t\t\t\t\t\t\t\t\t\t\t\t\t\t<\/div>\n\t\t\t\t<\/div>\n\t\t\t\t<div class=\"elementor-element elementor-element-563f26b syd-sticky-section-no elementor-widget elementor-widget-text-editor\" data-id=\"563f26b\" data-element_type=\"widget\" data-e-type=\"widget\" data-widget_type=\"text-editor.default\">\n\t\t\t\t<div class=\"elementor-widget-container\">\n\t\t\t\t\t\t\t\t\t<p>Todos los contenidos, dise\u00f1o\/maquetaci\u00f3n, im\u00e1genes, secuencias de audio y v\u00eddeo est\u00e1n sujetos a derechos de autor, salvo que se indique lo contrario. El uso p\u00fablico de este contenido s\u00f3lo est\u00e1 permitido con nuestro consentimiento y si se nombra y aclara la fuente. El mero enlace a nuestro contenido con referencia simult\u00e1nea a la fuente es gratuito para todos y no requiere autorizaci\u00f3n especial.<\/p>\n\t\t\t\t\t\t\t\t<\/div>\n\t\t\t\t<\/div>\n\t\t\t\t<div class=\"elementor-element elementor-element-3a5cc82 syd-sticky-section-no elementor-widget elementor-widget-text-editor\" data-id=\"3a5cc82\" data-element_type=\"widget\" data-e-type=\"widget\" data-widget_type=\"text-editor.default\">\n\t\t\t\t<div class=\"elementor-widget-container\">\n\t\t\t\t\t\t\t\t\t<p><strong>Material gr\u00e1fico:<\/strong> <span class=\"copyright\"><br \/>\n  <span data-fusion-font=\"true\">\u00a9 NINE44 OG<br \/><strong>Dise\u00f1o y desarrollo web:<\/strong> <a title=\"Markus Steinacher\" href=\"https:\/\/www.markus-steinacher.at\/\"  target='_blank' rel='noopener noreferrer' rel=\"noopener\">Markus Steinacher<\/a><\/span><br \/>\n<\/span><\/p>\n\t\t\t\t\t\t\t\t<\/div>\n\t\t\t\t<\/div>\n\t\t\t\t\t<\/div>\n\t\t\t\t<\/div>\n\t\t\t\t<\/div>\n\t\t","protected":false},"excerpt":{"rendered":"<p>Aviso Legal NINE44 OG Sede de la empresa: Passinigasse 441100 Viena Tel\u00e9fono: +43 699 171 27 956 Correo electr\u00f3nico: hola@nine44.at Web: www.nine44.at<\/p>\n","protected":false},"author":1,"featured_media":0,"parent":0,"menu_order":0,"comment_status":"closed","ping_status":"closed","template":"elementor_header_footer","meta":{"footnotes":""},"class_list":["post-5414","page","type-page","status-publish","hentry"],"aioseo_notices":[],"_links":{"self":[{"href":"https:\/\/www.nine44.at\/es\/wp-json\/wp\/v2\/pages\/5414","targetHints":{"allow":["GET"]}}],"collection":[{"href":"https:\/\/www.nine44.at\/es\/wp-json\/wp\/v2\/pages"}],"about":[{"href":"https:\/\/www.nine44.at\/es\/wp-json\/wp\/v2\/types\/page"}],"author":[{"embeddable":true,"href":"https:\/\/www.nine44.at\/es\/wp-json\/wp\/v2\/users\/1"}],"replies":[{"embeddable":true,"href":"https:\/\/www.nine44.at\/es\/wp-json\/wp\/v2\/comments?post=5414"}],"version-history":[{"count":10,"href":"https:\/\/www.nine44.at\/es\/wp-json\/wp\/v2\/pages\/5414\/revisions"}],"predecessor-version":[{"id":6431,"href":"https:\/\/www.nine44.at\/es\/wp-json\/wp\/v2\/pages\/5414\/revisions\/6431"}],"wp:attachment":[{"href":"https:\/\/www.nine44.at\/es\/wp-json\/wp\/v2\/media?parent=5414"}],"curies":[{"name":"wp","href":"https:\/\/api.w.org\/{rel}","templated":true}]}}