{"id":5423,"date":"2023-11-13T04:35:19","date_gmt":"2023-11-13T04:35:19","guid":{"rendered":"https:\/\/www.nine44.at\/references\/"},"modified":"2024-02-06T14:24:32","modified_gmt":"2024-02-06T14:24:32","slug":"references","status":"publish","type":"page","link":"https:\/\/www.nine44.at\/en\/references\/","title":{"rendered":"References"},"content":{"rendered":"\t\t<div data-elementor-type=\"wp-page\" data-elementor-id=\"5423\" class=\"elementor elementor-5423 elementor-18\">\n\t\t\t\t<div class=\"elementor-element elementor-element-1c89847 e-flex e-con-boxed wpr-particle-no wpr-jarallax-no wpr-parallax-no wpr-sticky-section-no wpr-equal-height-no syd-sticky-section-no e-con e-parent\" data-id=\"1c89847\" data-element_type=\"container\" data-e-type=\"container\">\n\t\t\t\t\t<div class=\"e-con-inner\">\n\t\t\t\t<div class=\"elementor-element elementor-element-58d35fe syd-sticky-section-no elementor-widget elementor-widget-heading\" data-id=\"58d35fe\" data-element_type=\"widget\" data-e-type=\"widget\" data-widget_type=\"heading.default\">\n\t\t\t\t<div class=\"elementor-widget-container\">\n\t\t\t\t\t<h2 class=\"elementor-heading-title elementor-size-default\">Projects<\/h2>\t\t\t\t<\/div>\n\t\t\t\t<\/div>\n\t\t\t\t<div class=\"elementor-element elementor-element-2bbdf8c wpr-grid-columns--mobile1 wpr-grid-columns-2 wpr-grid-columns--tablet2 wpr-grid-pagination-center wpr-item-styles-inner syd-sticky-section-no elementor-widget elementor-widget-wpr-grid\" data-id=\"2bbdf8c\" data-element_type=\"widget\" data-e-type=\"widget\" data-widget_type=\"wpr-grid.default\">\n\t\t\t\t<div class=\"elementor-widget-container\">\n\t\t\t\t\t<ul class=\"wpr-grid-filters elementor-clearfix wpr-grid-filters-sep-right\"><li class=\" wpr-pointer-none wpr-pointer-line-fx wpr-pointer-fx-none\"><span  data-filter=\"*\" class=\"wpr-grid-filters-item wpr-active-filter \">All contributions<\/span><em class=\"wpr-grid-filters-sep\"><\/em><\/li><li class=\" wpr-pointer-none wpr-pointer-line-fx wpr-pointer-fx-none\"><span   data-ajax-filter=[\"category\",\"referenzen\"]  data-filter=\".category-referenzen\">Referenzen<\/span><em class=\"wpr-grid-filters-sep\"><\/em><\/li><\/ul><section class=\"wpr-grid elementor-clearfix\" data-settings=\"{&quot;layout&quot;:&quot;fitRows&quot;,&quot;stick_last_element_to_bottom&quot;:&quot;&quot;,&quot;columns_desktop&quot;:&quot;2&quot;,&quot;gutter_hr&quot;:15,&quot;gutter_hr_mobile&quot;:15,&quot;gutter_hr_mobile_extra&quot;:15,&quot;gutter_hr_tablet&quot;:15,&quot;gutter_hr_tablet_extra&quot;:15,&quot;gutter_hr_laptop&quot;:15,&quot;gutter_hr_widescreen&quot;:15,&quot;gutter_vr&quot;:15,&quot;gutter_vr_mobile&quot;:&quot;&quot;,&quot;gutter_vr_mobile_extra&quot;:&quot;&quot;,&quot;gutter_vr_tablet&quot;:&quot;&quot;,&quot;gutter_vr_tablet_extra&quot;:15,&quot;gutter_vr_laptop&quot;:15,&quot;gutter_vr_widescreen&quot;:15,&quot;animation&quot;:&quot;default&quot;,&quot;animation_duration&quot;:0.3,&quot;animation_delay&quot;:0.1,&quot;deeplinking&quot;:&quot;&quot;,&quot;filters_linkable&quot;:&quot;no&quot;,&quot;filters_default_filter&quot;:&quot;&quot;,&quot;filters_count&quot;:&quot;&quot;,&quot;filters_hide_empty&quot;:&quot;yes&quot;,&quot;filters_animation&quot;:&quot;default&quot;,&quot;filters_animation_duration&quot;:0.3,&quot;filters_animation_delay&quot;:0.1,&quot;pagination_type&quot;:&quot;load-more&quot;,&quot;pagination_max_pages&quot;:1,&quot;lightbox&quot;:{&quot;selector&quot;:&quot;.wpr-grid-image-wrap&quot;,&quot;iframeMaxWidth&quot;:&quot;60%&quot;,&quot;hash&quot;:false,&quot;autoplay&quot;:&quot;true&quot;,&quot;pause&quot;:5000,&quot;progressBar&quot;:&quot;true&quot;,&quot;counter&quot;:&quot;true&quot;,&quot;controls&quot;:&quot;true&quot;,&quot;getCaptionFromTitleOrAlt&quot;:&quot;true&quot;,&quot;thumbnail&quot;:&quot;&quot;,&quot;showThumbByDefault&quot;:&quot;&quot;,&quot;share&quot;:&quot;&quot;,&quot;zoom&quot;:&quot;true&quot;,&quot;fullScreen&quot;:&quot;true&quot;,&quot;download&quot;:&quot;true&quot;}}\" data-advanced-filters=\"no\"><article class=\"wpr-grid-item elementor-clearfix post-7686 post type-post status-publish format-standard has-post-thumbnail hentry category-projects\"><div class=\"wpr-grid-item-inner\"><div class=\"wpr-grid-media-wrap wpr-effect-size-medium \" data-overlay-link=\"yes\"><div class=\"wpr-grid-image-wrap\" data-src=\"https:\/\/www.nine44.at\/wp-content\/uploads\/2025\/03\/Gallery-1200x630-Julia-und-Dominik-1.jpg\" data-img-on-hover=\"\"  data-src-secondary=\"\"><img decoding=\"async\" data-no-lazy=\"1\" src=\"https:\/\/www.nine44.at\/wp-content\/uploads\/2025\/03\/Gallery-1200x630-Julia-und-Dominik-1.jpg\" alt=\"Vienna Period Home\" class=\"wpr-anim-timing-ease-default\"><\/div><div class=\"wpr-grid-media-hover wpr-animation-wrap\"><div class=\"wpr-grid-media-hover-bg  wpr-overlay-fade-in wpr-anim-size-large wpr-anim-timing-ease-default wpr-anim-transparency\" data-url=\"https:\/\/www.nine44.at\/en\/vienna-period-home-transformation-elegance-in-every-detail\/\"><\/div><\/div><\/div><div class=\"wpr-grid-item-below-content elementor-clearfix\"><h3 class=\"wpr-grid-item-title elementor-repeater-item-0abd697 wpr-grid-item-display-block wpr-grid-item-align-center wpr-pointer-none wpr-pointer-line-fx wpr-pointer-fx-fade\"><div class=\"inner-block\"><a  target='_self' rel='noopener noreferrer' href=\"https:\/\/www.nine44.at\/en\/vienna-period-home-transformation-elegance-in-every-detail\/\">Vienna Period Home Transformation \u2013 Elegance in Every Detail<\/a><\/div><\/h3><\/div><\/div><\/article><article class=\"wpr-grid-item elementor-clearfix post-7660 post type-post status-publish format-standard has-post-thumbnail hentry category-projects\"><div class=\"wpr-grid-item-inner\"><div class=\"wpr-grid-media-wrap wpr-effect-size-medium \" data-overlay-link=\"yes\"><div class=\"wpr-grid-image-wrap\" data-src=\"https:\/\/www.nine44.at\/wp-content\/uploads\/2025\/03\/Blog-Vorschau-Social-Media-1200x630-Enscape_2025-01-01-19-31-45-7.jpg\" data-img-on-hover=\"\"  data-src-secondary=\"\"><img decoding=\"async\" data-no-lazy=\"1\" src=\"https:\/\/www.nine44.at\/wp-content\/uploads\/2025\/03\/Blog-Vorschau-Social-Media-1200x630-Enscape_2025-01-01-19-31-45-7.jpg\" alt=\"Smart Design for Sloped Ceilings\" class=\"wpr-anim-timing-ease-default\"><\/div><div class=\"wpr-grid-media-hover wpr-animation-wrap\"><div class=\"wpr-grid-media-hover-bg  wpr-overlay-fade-in wpr-anim-size-large wpr-anim-timing-ease-default wpr-anim-transparency\" data-url=\"https:\/\/www.nine44.at\/en\/stylish-functional-designing-with-sloped-ceilings\/\"><\/div><\/div><\/div><div class=\"wpr-grid-item-below-content elementor-clearfix\"><h3 class=\"wpr-grid-item-title elementor-repeater-item-0abd697 wpr-grid-item-display-block wpr-grid-item-align-center wpr-pointer-none wpr-pointer-line-fx wpr-pointer-fx-fade\"><div class=\"inner-block\"><a  target='_self' rel='noopener noreferrer' href=\"https:\/\/www.nine44.at\/en\/stylish-functional-designing-with-sloped-ceilings\/\">Stylish &amp; Functional: Designing with Sloped Ceilings<\/a><\/div><\/h3><\/div><\/div><\/article><article class=\"wpr-grid-item elementor-clearfix post-6993 post type-post status-publish format-standard has-post-thumbnail hentry category-projects category-proyectos\"><div class=\"wpr-grid-item-inner\"><div class=\"wpr-grid-media-wrap wpr-effect-size-medium \" data-overlay-link=\"yes\"><div class=\"wpr-grid-image-wrap\" data-src=\"https:\/\/www.nine44.at\/wp-content\/uploads\/2024\/03\/1200x630-Enscape_2024-03-26-20-58-54_PS-optimised.jpg\" data-img-on-hover=\"\"  data-src-secondary=\"\"><img decoding=\"async\" data-no-lazy=\"1\" src=\"https:\/\/www.nine44.at\/wp-content\/uploads\/2024\/03\/1200x630-Enscape_2024-03-26-20-58-54_PS-optimised.jpg\" alt=\"Potential einer Einzimmerwohnung\" class=\"wpr-anim-timing-ease-default\"><\/div><div class=\"wpr-grid-media-hover wpr-animation-wrap\"><div class=\"wpr-grid-media-hover-bg  wpr-overlay-fade-in wpr-anim-size-large wpr-anim-timing-ease-default wpr-anim-transparency\" data-url=\"https:\/\/www.nine44.at\/en\/the-potential-of-a-one-bedroom-apartment\/\"><\/div><\/div><\/div><div class=\"wpr-grid-item-below-content elementor-clearfix\"><h3 class=\"wpr-grid-item-title elementor-repeater-item-0abd697 wpr-grid-item-display-block wpr-grid-item-align-center wpr-pointer-none wpr-pointer-line-fx wpr-pointer-fx-fade\"><div class=\"inner-block\"><a  target='_self' rel='noopener noreferrer' href=\"https:\/\/www.nine44.at\/en\/the-potential-of-a-one-bedroom-apartment\/\">Unlock the potential of your studio apartment<\/a><\/div><\/h3><\/div><\/div><\/article><article class=\"wpr-grid-item elementor-clearfix post-5492 post type-post status-publish format-standard has-post-thumbnail hentry category-projects category-referenzen\"><div class=\"wpr-grid-item-inner\"><div class=\"wpr-grid-media-wrap wpr-effect-size-medium \" data-overlay-link=\"yes\"><div class=\"wpr-grid-image-wrap\" data-src=\"https:\/\/www.nine44.at\/wp-content\/uploads\/2023\/12\/Renovierung-Urlaubsapartment.jpg\" data-img-on-hover=\"\"  data-src-secondary=\"\"><img decoding=\"async\" data-no-lazy=\"1\" src=\"https:\/\/www.nine44.at\/wp-content\/uploads\/2023\/12\/Renovierung-Urlaubsapartment.jpg\" alt=\"Renovierung eines Urlaubsapartment\" class=\"wpr-anim-timing-ease-default\"><\/div><div class=\"wpr-grid-media-hover wpr-animation-wrap\"><div class=\"wpr-grid-media-hover-bg  wpr-overlay-fade-in wpr-anim-size-large wpr-anim-timing-ease-default wpr-anim-transparency\" data-url=\"https:\/\/www.nine44.at\/en\/renovation-of-a-vacation-apartment\/\"><\/div><\/div><\/div><div class=\"wpr-grid-item-below-content elementor-clearfix\"><h3 class=\"wpr-grid-item-title elementor-repeater-item-0abd697 wpr-grid-item-display-block wpr-grid-item-align-center wpr-pointer-none wpr-pointer-line-fx wpr-pointer-fx-fade\"><div class=\"inner-block\"><a  target='_self' rel='noopener noreferrer' href=\"https:\/\/www.nine44.at\/en\/renovation-of-a-vacation-apartment\/\">Renovation of a vacation apartment<\/a><\/div><\/h3><\/div><\/div><\/article><article class=\"wpr-grid-item elementor-clearfix post-5516 post type-post status-publish format-standard has-post-thumbnail hentry category-projects\"><div class=\"wpr-grid-item-inner\"><div class=\"wpr-grid-media-wrap wpr-effect-size-medium \" data-overlay-link=\"yes\"><div class=\"wpr-grid-image-wrap\" data-src=\"https:\/\/www.nine44.at\/wp-content\/uploads\/2024\/01\/Altbausanierung-Wien.jpg\" data-img-on-hover=\"\"  data-src-secondary=\"\"><img decoding=\"async\" data-no-lazy=\"1\" src=\"https:\/\/www.nine44.at\/wp-content\/uploads\/2024\/01\/Altbausanierung-Wien.jpg\" alt=\"Altbausanierung Wien\" class=\"wpr-anim-timing-ease-default\"><\/div><div class=\"wpr-grid-media-hover wpr-animation-wrap\"><div class=\"wpr-grid-media-hover-bg  wpr-overlay-fade-in wpr-anim-size-large wpr-anim-timing-ease-default wpr-anim-transparency\" data-url=\"https:\/\/www.nine44.at\/en\/renovation-of-old-buildings-in-vienna\/\"><\/div><\/div><\/div><div class=\"wpr-grid-item-below-content elementor-clearfix\"><h3 class=\"wpr-grid-item-title elementor-repeater-item-0abd697 wpr-grid-item-display-block wpr-grid-item-align-center wpr-pointer-none wpr-pointer-line-fx wpr-pointer-fx-fade\"><div class=\"inner-block\"><a  target='_self' rel='noopener noreferrer' href=\"https:\/\/www.nine44.at\/en\/renovation-of-old-buildings-in-vienna\/\">Renovation of old buildings in Vienna<\/a><\/div><\/h3><\/div><\/div><\/article><article class=\"wpr-grid-item elementor-clearfix post-5505 post type-post status-publish format-standard has-post-thumbnail hentry category-projects\"><div class=\"wpr-grid-item-inner\"><div class=\"wpr-grid-media-wrap wpr-effect-size-medium \" data-overlay-link=\"yes\"><div class=\"wpr-grid-image-wrap\" data-src=\"https:\/\/www.nine44.at\/wp-content\/uploads\/2024\/02\/Leopoldsgasse-Top5-2-1200x630-1.jpg\" data-img-on-hover=\"\"  data-src-secondary=\"\"><img decoding=\"async\" data-no-lazy=\"1\" src=\"https:\/\/www.nine44.at\/wp-content\/uploads\/2024\/02\/Leopoldsgasse-Top5-2-1200x630-1.jpg\" alt=\"ferienwohnung design wien\" class=\"wpr-anim-timing-ease-default\"><\/div><div class=\"wpr-grid-media-hover wpr-animation-wrap\"><div class=\"wpr-grid-media-hover-bg  wpr-overlay-fade-in wpr-anim-size-large wpr-anim-timing-ease-default wpr-anim-transparency\" data-url=\"https:\/\/www.nine44.at\/en\/interior-design-for-tourist-apartment-building-in-the-heart-of-vienna\/\"><\/div><\/div><\/div><div class=\"wpr-grid-item-below-content elementor-clearfix\"><h3 class=\"wpr-grid-item-title elementor-repeater-item-0abd697 wpr-grid-item-display-block wpr-grid-item-align-center wpr-pointer-none wpr-pointer-line-fx wpr-pointer-fx-fade\"><div class=\"inner-block\"><a  target='_self' rel='noopener noreferrer' href=\"https:\/\/www.nine44.at\/en\/interior-design-for-tourist-apartment-building-in-the-heart-of-vienna\/\">Interior design for tourist apartment building in the heart of&hellip;<\/a><\/div><\/h3><\/div><\/div><\/article><article class=\"wpr-grid-item elementor-clearfix post-5501 post type-post status-publish format-standard has-post-thumbnail hentry category-projects\"><div class=\"wpr-grid-item-inner\"><div class=\"wpr-grid-media-wrap wpr-effect-size-medium \" data-overlay-link=\"yes\"><div class=\"wpr-grid-image-wrap\" data-src=\"https:\/\/www.nine44.at\/wp-content\/uploads\/2024\/02\/Enscape_2024-01-27-18-41-23-1200x630-1.jpg\" data-img-on-hover=\"\"  data-src-secondary=\"\"><img decoding=\"async\" data-no-lazy=\"1\" src=\"https:\/\/www.nine44.at\/wp-content\/uploads\/2024\/02\/Enscape_2024-01-27-18-41-23-1200x630-1.jpg\" alt=\"industriestil mit mikrozement\" class=\"wpr-anim-timing-ease-default\"><\/div><div class=\"wpr-grid-media-hover wpr-animation-wrap\"><div class=\"wpr-grid-media-hover-bg  wpr-overlay-fade-in wpr-anim-size-large wpr-anim-timing-ease-default wpr-anim-transparency\" data-url=\"https:\/\/www.nine44.at\/en\/renovation-of-an-attic-apartment-in-vienna\/\"><\/div><\/div><\/div><div class=\"wpr-grid-item-below-content elementor-clearfix\"><h3 class=\"wpr-grid-item-title elementor-repeater-item-0abd697 wpr-grid-item-display-block wpr-grid-item-align-center wpr-pointer-none wpr-pointer-line-fx wpr-pointer-fx-fade\"><div class=\"inner-block\"><a  target='_self' rel='noopener noreferrer' href=\"https:\/\/www.nine44.at\/en\/renovation-of-an-attic-apartment-in-vienna\/\">Renovation of an attic apartment in Vienna<\/a><\/div><\/h3><\/div><\/div><\/article><article class=\"wpr-grid-item elementor-clearfix post-5506 post type-post status-publish format-standard has-post-thumbnail hentry category-projects\"><div class=\"wpr-grid-item-inner\"><div class=\"wpr-grid-media-wrap wpr-effect-size-medium \" data-overlay-link=\"yes\"><div class=\"wpr-grid-image-wrap\" data-src=\"https:\/\/www.nine44.at\/wp-content\/uploads\/2024\/01\/Polearts-Raumdesign.jpg\" data-img-on-hover=\"\"  data-src-secondary=\"\"><img decoding=\"async\" data-no-lazy=\"1\" src=\"https:\/\/www.nine44.at\/wp-content\/uploads\/2024\/01\/Polearts-Raumdesign.jpg\" alt=\"room design\" class=\"wpr-anim-timing-ease-default\"><\/div><div class=\"wpr-grid-media-hover wpr-animation-wrap\"><div class=\"wpr-grid-media-hover-bg  wpr-overlay-fade-in wpr-anim-size-large wpr-anim-timing-ease-default wpr-anim-transparency\" data-url=\"https:\/\/www.nine44.at\/en\/renovation-of-a-pole-dance-studio-in-vienna\/\"><\/div><\/div><\/div><div class=\"wpr-grid-item-below-content elementor-clearfix\"><h3 class=\"wpr-grid-item-title elementor-repeater-item-0abd697 wpr-grid-item-display-block wpr-grid-item-align-center wpr-pointer-none wpr-pointer-line-fx wpr-pointer-fx-fade\"><div class=\"inner-block\"><a  target='_self' rel='noopener noreferrer' href=\"https:\/\/www.nine44.at\/en\/renovation-of-a-pole-dance-studio-in-vienna\/\">Renovation of a pole dance studio in Vienna<\/a><\/div><\/h3><\/div><\/div><\/article><article class=\"wpr-grid-item elementor-clearfix post-5518 post type-post status-publish format-standard has-post-thumbnail hentry category-projects\"><div class=\"wpr-grid-item-inner\"><div class=\"wpr-grid-media-wrap wpr-effect-size-medium \" data-overlay-link=\"yes\"><div class=\"wpr-grid-image-wrap\" data-src=\"https:\/\/www.nine44.at\/wp-content\/uploads\/2024\/01\/Japandi-Stil-in-Wien.jpg\" data-img-on-hover=\"\"  data-src-secondary=\"\"><img decoding=\"async\" data-no-lazy=\"1\" src=\"https:\/\/www.nine44.at\/wp-content\/uploads\/2024\/01\/Japandi-Stil-in-Wien.jpg\" alt=\"japandi stil\" class=\"wpr-anim-timing-ease-default\"><\/div><div class=\"wpr-grid-media-hover wpr-animation-wrap\"><div class=\"wpr-grid-media-hover-bg  wpr-overlay-fade-in wpr-anim-size-large wpr-anim-timing-ease-default wpr-anim-transparency\" data-url=\"https:\/\/www.nine44.at\/en\/japandi-style-in-vienna\/\"><\/div><\/div><\/div><div class=\"wpr-grid-item-below-content elementor-clearfix\"><h3 class=\"wpr-grid-item-title elementor-repeater-item-0abd697 wpr-grid-item-display-block wpr-grid-item-align-center wpr-pointer-none wpr-pointer-line-fx wpr-pointer-fx-fade\"><div class=\"inner-block\"><a  target='_self' rel='noopener noreferrer' href=\"https:\/\/www.nine44.at\/en\/japandi-style-in-vienna\/\">Japandi style in Vienna<\/a><\/div><\/h3><\/div><\/div><\/article><\/section>\t\t\t\t<\/div>\n\t\t\t\t<\/div>\n\t\t\t\t\t<\/div>\n\t\t\t\t<\/div>\n\t\t\t\t<\/div>\n\t\t","protected":false},"excerpt":{"rendered":"<p>Projects All contributions Referencias Renovaci\u00f3n de un \u00e1tico en Viena Renovaci\u00f3n de un estudio de pole dance en Viena Estilo japon\u00e9s en<\/p>\n","protected":false},"author":1,"featured_media":0,"parent":0,"menu_order":0,"comment_status":"closed","ping_status":"closed","template":"elementor_header_footer","meta":{"footnotes":""},"class_list":["post-5423","page","type-page","status-publish","hentry"],"aioseo_notices":[],"_links":{"self":[{"href":"https:\/\/www.nine44.at\/en\/wp-json\/wp\/v2\/pages\/5423","targetHints":{"allow":["GET"]}}],"collection":[{"href":"https:\/\/www.nine44.at\/en\/wp-json\/wp\/v2\/pages"}],"about":[{"href":"https:\/\/www.nine44.at\/en\/wp-json\/wp\/v2\/types\/page"}],"author":[{"embeddable":true,"href":"https:\/\/www.nine44.at\/en\/wp-json\/wp\/v2\/users\/1"}],"replies":[{"embeddable":true,"href":"https:\/\/www.nine44.at\/en\/wp-json\/wp\/v2\/comments?post=5423"}],"version-history":[{"count":4,"href":"https:\/\/www.nine44.at\/en\/wp-json\/wp\/v2\/pages\/5423\/revisions"}],"predecessor-version":[{"id":6013,"href":"https:\/\/www.nine44.at\/en\/wp-json\/wp\/v2\/pages\/5423\/revisions\/6013"}],"wp:attachment":[{"href":"https:\/\/www.nine44.at\/en\/wp-json\/wp\/v2\/media?parent=5423"}],"curies":[{"name":"wp","href":"https:\/\/api.w.org\/{rel}","templated":true}]}}